                                                                                                                {"id":14708,"date":"2023-01-13T14:01:28","date_gmt":"2023-01-13T14:01:28","guid":{"rendered":"https:\/\/kmgmakina.com.tr\/?page_id=14708"},"modified":"2023-01-13T14:07:05","modified_gmt":"2023-01-13T14:07:05","slug":"yurtdisi-firmalarimiz","status":"publish","type":"page","link":"https:\/\/kmgmakina.com.tr\/ro\/yurtdisi-firmalarimiz\/","title":{"rendered":"Yurtd\u0131\u015f\u0131 Firmalar\u0131m\u0131z"},"content":{"rendered":"<div data-elementor-type=\"wp-page\" data-elementor-id=\"14708\" class=\"elementor elementor-14708\">\n\t\t\t\t\t\t\t        <section class=\"elementor-section elementor-top-section elementor-element elementor-element-2d544d3 elementor-section-boxed elementor-section-height-default elementor-section-height-default ct-header-fixed-none ct-column-none ct-row-scroll-none ct-row-gradient--none ct-row-container--default\" data-id=\"2d544d3\" data-element_type=\"section\">\n            \n                        <div class=\"elementor-container elementor-column-gap-default\">\n                    <div class=\"elementor-column elementor-col-100 elementor-top-column elementor-element elementor-element-db97cc1 ct-column-none col-offset-none\" data-id=\"db97cc1\" data-element_type=\"column\">\n            <div class=\"elementor-widget-wrap elementor-element-populated\">\n                        \t\t<div class=\"elementor-element elementor-element-3778b60 elementor-widget elementor-widget-image-gallery\" data-id=\"3778b60\" data-element_type=\"widget\" data-widget_type=\"image-gallery.default\">\n\t\t\t\t<div class=\"elementor-widget-container\">\n\t\t\t<style>\/*! elementor - v3.10.0 - 09-01-2023 *\/\n.elementor-image-gallery .gallery-item{display:inline-block;text-align:center;vertical-align:top;width:100%;max-width:100%;margin:0 auto}.elementor-image-gallery .gallery-item img{margin:0 auto}.elementor-image-gallery .gallery-item .gallery-caption{margin:0}.elementor-image-gallery figure img{display:block}.elementor-image-gallery figure figcaption{width:100%}.gallery-spacing-custom .elementor-image-gallery .gallery-icon{padding:0}@media (min-width:768px){.elementor-image-gallery .gallery-columns-2 .gallery-item{max-width:50%}.elementor-image-gallery .gallery-columns-3 .gallery-item{max-width:33.33%}.elementor-image-gallery .gallery-columns-4 .gallery-item{max-width:25%}.elementor-image-gallery .gallery-columns-5 .gallery-item{max-width:20%}.elementor-image-gallery .gallery-columns-6 .gallery-item{max-width:16.666%}.elementor-image-gallery .gallery-columns-7 .gallery-item{max-width:14.28%}.elementor-image-gallery .gallery-columns-8 .gallery-item{max-width:12.5%}.elementor-image-gallery .gallery-columns-9 .gallery-item{max-width:11.11%}.elementor-image-gallery .gallery-columns-10 .gallery-item{max-width:10%}}@media (min-width:480px) and (max-width:767px){.elementor-image-gallery .gallery.gallery-columns-2 .gallery-item,.elementor-image-gallery .gallery.gallery-columns-3 .gallery-item,.elementor-image-gallery .gallery.gallery-columns-4 .gallery-item,.elementor-image-gallery .gallery.gallery-columns-5 .gallery-item,.elementor-image-gallery .gallery.gallery-columns-6 .gallery-item,.elementor-image-gallery .gallery.gallery-columns-7 .gallery-item,.elementor-image-gallery .gallery.gallery-columns-8 .gallery-item,.elementor-image-gallery .gallery.gallery-columns-9 .gallery-item,.elementor-image-gallery .gallery.gallery-columns-10 .gallery-item{max-width:50%}}@media (max-width:479px){.elementor-image-gallery .gallery.gallery-columns-2 .gallery-item,.elementor-image-gallery .gallery.gallery-columns-3 .gallery-item,.elementor-image-gallery .gallery.gallery-columns-4 .gallery-item,.elementor-image-gallery .gallery.gallery-columns-5 .gallery-item,.elementor-image-gallery .gallery.gallery-columns-6 .gallery-item,.elementor-image-gallery .gallery.gallery-columns-7 .gallery-item,.elementor-image-gallery .gallery.gallery-columns-8 .gallery-item,.elementor-image-gallery .gallery.gallery-columns-9 .gallery-item,.elementor-image-gallery .gallery.gallery-columns-10 .gallery-item{max-width:100%}}<\/style>\t\t<div class=\"elementor-image-gallery\">\n\t\t\t<div id='gallery-1' class='gallery galleryid-14708 gallery-columns-2 gallery-size-woosc-large'><figure class='gallery-item'>\n\t\t\t<div class='gallery-icon landscape'>\n\t\t\t\t<a data-elementor-open-lightbox=\"yes\" data-elementor-lightbox-slideshow=\"3778b60\" data-elementor-lightbox-title=\"GMA\" e-action-hash=\"#elementor-action%3Aaction%3Dlightbox%26settings%3DeyJpZCI6MTQ3MTMsInVybCI6Imh0dHBzOlwvXC9rbWdtYWtpbmEuY29tLnRyXC93cC1jb250ZW50XC91cGxvYWRzXC8yMDIzXC8wMVwvR01BLmpwZyIsInNsaWRlc2hvdyI6IjM3NzhiNjAifQ%3D%3D\" href='https:\/\/kmgmakina.com.tr\/wp-content\/uploads\/2023\/01\/GMA.jpg'><img decoding=\"async\" width=\"600\" height=\"600\" src=\"https:\/\/kmgmakina.com.tr\/wp-content\/uploads\/2023\/01\/GMA-600x600.jpg\" class=\"attachment-woosc-large size-woosc-large\" alt=\"\" srcset=\"https:\/\/kmgmakina.com.tr\/wp-content\/uploads\/2023\/01\/GMA.jpg 600w, https:\/\/kmgmakina.com.tr\/wp-content\/uploads\/2023\/01\/GMA-300x300.jpg 300w, https:\/\/kmgmakina.com.tr\/wp-content\/uploads\/2023\/01\/GMA-150x150.jpg 150w, https:\/\/kmgmakina.com.tr\/wp-content\/uploads\/2023\/01\/GMA-12x12.jpg 12w, https:\/\/kmgmakina.com.tr\/wp-content\/uploads\/2023\/01\/GMA-90x90.jpg 90w, https:\/\/kmgmakina.com.tr\/wp-content\/uploads\/2023\/01\/GMA-96x96.jpg 96w, https:\/\/kmgmakina.com.tr\/wp-content\/uploads\/2023\/01\/GMA-460x460.jpg 460w\" sizes=\"(max-width: 600px) 100vw, 600px\" \/><\/a>\n\t\t\t<\/div><\/figure><figure class='gallery-item'>\n\t\t\t<div class='gallery-icon landscape'>\n\t\t\t\t<a data-elementor-open-lightbox=\"yes\" data-elementor-lightbox-slideshow=\"3778b60\" data-elementor-lightbox-title=\"GMC1\" e-action-hash=\"#elementor-action%3Aaction%3Dlightbox%26settings%3DeyJpZCI6MTQ3MTQsInVybCI6Imh0dHBzOlwvXC9rbWdtYWtpbmEuY29tLnRyXC93cC1jb250ZW50XC91cGxvYWRzXC8yMDIzXC8wMVwvR01DMS5qcGciLCJzbGlkZXNob3ciOiIzNzc4YjYwIn0%3D\" href='https:\/\/kmgmakina.com.tr\/wp-content\/uploads\/2023\/01\/GMC1.jpg'><img decoding=\"async\" width=\"600\" height=\"600\" src=\"https:\/\/kmgmakina.com.tr\/wp-content\/uploads\/2023\/01\/GMC1-600x600.jpg\" class=\"attachment-woosc-large size-woosc-large\" alt=\"\" srcset=\"https:\/\/kmgmakina.com.tr\/wp-content\/uploads\/2023\/01\/GMC1.jpg 600w, https:\/\/kmgmakina.com.tr\/wp-content\/uploads\/2023\/01\/GMC1-300x300.jpg 300w, https:\/\/kmgmakina.com.tr\/wp-content\/uploads\/2023\/01\/GMC1-150x150.jpg 150w, https:\/\/kmgmakina.com.tr\/wp-content\/uploads\/2023\/01\/GMC1-12x12.jpg 12w, https:\/\/kmgmakina.com.tr\/wp-content\/uploads\/2023\/01\/GMC1-90x90.jpg 90w, https:\/\/kmgmakina.com.tr\/wp-content\/uploads\/2023\/01\/GMC1-96x96.jpg 96w, https:\/\/kmgmakina.com.tr\/wp-content\/uploads\/2023\/01\/GMC1-460x460.jpg 460w\" sizes=\"(max-width: 600px) 100vw, 600px\" \/><\/a>\n\t\t\t<\/div><\/figure>\n\t\t<\/div>\n\t\t<\/div>\n\t\t\t\t<\/div>\n\t\t\t\t<\/div>\n\t\t            <\/div>\n        <\/div>\n                            <\/div>\n        <\/section>\n                <section class=\"elementor-section elementor-top-section elementor-element elementor-element-38f6183 elementor-section-boxed elementor-section-height-default elementor-section-height-default ct-header-fixed-none ct-column-none ct-row-scroll-none ct-row-gradient--none ct-row-container--default\" data-id=\"38f6183\" data-element_type=\"section\">\n            \n                        <div class=\"elementor-container elementor-column-gap-default\">\n                    <div class=\"elementor-column elementor-col-100 elementor-top-column elementor-element elementor-element-9b20bb4 ct-column-none col-offset-none\" data-id=\"9b20bb4\" data-element_type=\"column\">\n            <div class=\"elementor-widget-wrap elementor-element-populated\">\n                        \t\t<div class=\"elementor-element elementor-element-9519b44 elementor-widget elementor-widget-spacer\" data-id=\"9519b44\" data-element_type=\"widget\" data-widget_type=\"spacer.default\">\n\t\t\t\t<div class=\"elementor-widget-container\">\n\t\t\t<style>\/*! elementor - v3.10.0 - 09-01-2023 *\/\n.elementor-column .elementor-spacer-inner{height:var(--spacer-size)}.e-con{--container-widget-width:100%}.e-con-inner>.elementor-widget-spacer,.e-con>.elementor-widget-spacer{width:var(--container-widget-width,var(--spacer-size));--align-self:var(--container-widget-align-self,initial);--flex-shrink:0}.e-con-inner>.elementor-widget-spacer>.elementor-widget-container,.e-con-inner>.elementor-widget-spacer>.elementor-widget-container>.elementor-spacer,.e-con>.elementor-widget-spacer>.elementor-widget-container,.e-con>.elementor-widget-spacer>.elementor-widget-container>.elementor-spacer{height:100%}.e-con-inner>.elementor-widget-spacer>.elementor-widget-container>.elementor-spacer>.elementor-spacer-inner,.e-con>.elementor-widget-spacer>.elementor-widget-container>.elementor-spacer>.elementor-spacer-inner{height:var(--container-widget-height,var(--spacer-size))}<\/style>\t\t<div class=\"elementor-spacer\">\n\t\t\t<div class=\"elementor-spacer-inner\"><\/div>\n\t\t<\/div>\n\t\t\t\t<\/div>\n\t\t\t\t<\/div>\n\t\t            <\/div>\n        <\/div>\n                            <\/div>\n        <\/section>\n        \t\t\t\t\t<\/div>","protected":false},"excerpt":{"rendered":"","protected":false},"author":1,"featured_media":0,"parent":0,"menu_order":0,"comment_status":"closed","ping_status":"closed","template":"","meta":{"footnotes":""},"class_list":["post-14708","page","type-page","status-publish","hentry"],"_links":{"self":[{"href":"https:\/\/kmgmakina.com.tr\/ro\/wp-json\/wp\/v2\/pages\/14708","targetHints":{"allow":["GET"]}}],"collection":[{"href":"https:\/\/kmgmakina.com.tr\/ro\/wp-json\/wp\/v2\/pages"}],"about":[{"href":"https:\/\/kmgmakina.com.tr\/ro\/wp-json\/wp\/v2\/types\/page"}],"author":[{"embeddable":true,"href":"https:\/\/kmgmakina.com.tr\/ro\/wp-json\/wp\/v2\/users\/1"}],"replies":[{"embeddable":true,"href":"https:\/\/kmgmakina.com.tr\/ro\/wp-json\/wp\/v2\/comments?post=14708"}],"version-history":[{"count":4,"href":"https:\/\/kmgmakina.com.tr\/ro\/wp-json\/wp\/v2\/pages\/14708\/revisions"}],"predecessor-version":[{"id":14717,"href":"https:\/\/kmgmakina.com.tr\/ro\/wp-json\/wp\/v2\/pages\/14708\/revisions\/14717"}],"wp:attachment":[{"href":"https:\/\/kmgmakina.com.tr\/ro\/wp-json\/wp\/v2\/media?parent=14708"}],"curies":[{"name":"wp","href":"https:\/\/api.w.org\/{rel}","templated":true}]}}